{"id":4944,"date":"2021-04-02T14:16:33","date_gmt":"2021-04-02T14:16:33","guid":{"rendered":"https:\/\/thehornbucklefirm.com\/cuanto-vale-mi-lesion-por-latigazo-cervical\/"},"modified":"2024-07-11T21:57:16","modified_gmt":"2024-07-11T21:57:16","slug":"cuanto-vale-mi-lesion-por-latigazo-cervical","status":"publish","type":"page","link":"https:\/\/thehornbucklefirm.com\/es\/preguntas-frecuentes\/accidentes-de-trafico\/cuanto-vale-mi-lesion-por-latigazo-cervical\/","title":{"rendered":"\u00bfCu\u00e1nto vale mi lesi\u00f3n por latigazo cervical?"},"content":{"rendered":"[vc_row type=\u00bbfull_width_content\u00bb full_screen_row_position=\u00bbmiddle\u00bb column_margin=\u00bbdefault\u00bb column_direction=\u00bbdefault\u00bb column_direction_tablet=\u00bbdefault\u00bb column_direction_phone=\u00bbdefault\u00bb scene_position=\u00bbcenter\u00bb text_color=\u00bbdark\u00bb text_align=\u00bbleft\u00bb row_border_radius=\u00bbnone\u00bb row_border_radius_applies=\u00bbbg\u00bb id=\u00bbheader-bottom-bar\u00bb overlay_strength=\u00bb0.3&#8243; gradient_direction=\u00bbleft_to_right\u00bb shape_divider_position=\u00bbbottom\u00bb bg_image_animation=\u00bbnone\u00bb][vc_column column_padding=\u00bbno-extra-padding\u00bb column_padding_tablet=\u00bbinherit\u00bb column_padding_phone=\u00bbinherit\u00bb column_padding_position=\u00bball\u00bb background_color_opacity=\u00bb1&#8243; background_hover_color_opacity=\u00bb1&#8243; column_shadow=\u00bbnone\u00bb column_border_radius=\u00bbnone\u00bb column_link_target=\u00bb_self\u00bb el_class=\u00bbgreen-box\u00bb gradient_direction=\u00bbleft_to_right\u00bb overlay_strength=\u00bb0.3&#8243; width=\u00bb1\/1&#8243; tablet_width_inherit=\u00bbdefault\u00bb tablet_text_alignment=\u00bbdefault\u00bb phone_text_alignment=\u00bbdefault\u00bb column_border_width=\u00bbnone\u00bb column_border_style=\u00bbsolid\u00bb bg_image_animation=\u00bbnone\u00bb][vc_column_text el_class=\u00bbfull-header-bottom-bar\u00bb]\n<h3 style=\"text-align: center; color: #162d4b; font-size: 2em;\">LLAME HOY PARA SU CONSULTA GRATUITA <span style=\"font-size: 1.5em;\"><a href=\"tel:+14256790742\">(425) 679-0742<\/a><\/span><\/h3>\n[\/vc_column_text][\/vc_column][\/vc_row][vc_row type=\u00bbfull_width_background\u00bb full_screen_row_position=\u00bbmiddle\u00bb column_margin=\u00bbdefault\u00bb column_direction=\u00bbdefault\u00bb column_direction_tablet=\u00bbdefault\u00bb column_direction_phone=\u00bbdefault\u00bb bg_color=\u00bb#ffffff\u00bb bg_image=\u00bb2904&#8243; bg_position=\u00bbcenter center\u00bb bg_repeat=\u00bbno-repeat\u00bb scene_position=\u00bbcenter\u00bb top_padding=\u00bb50&#8243; bottom_padding=\u00bb50&#8243; text_color=\u00bblight\u00bb text_align=\u00bbcenter\u00bb row_border_radius=\u00bbnone\u00bb row_border_radius_applies=\u00bbbg\u00bb overlay_strength=\u00bb0.3&#8243; gradient_direction=\u00bbleft_to_right\u00bb shape_divider_position=\u00bbbottom\u00bb bg_image_animation=\u00bbnone\u00bb parallax_bg=\u00bbtrue\u00bb parallax_bg_speed=\u00bbslow\u00bb shape_type=\u00bb\u00bb][vc_column column_padding=\u00bbno-extra-padding\u00bb column_padding_tablet=\u00bbinherit\u00bb column_padding_phone=\u00bbinherit\u00bb column_padding_position=\u00bball\u00bb background_color_opacity=\u00bb1&#8243; background_hover_color_opacity=\u00bb1&#8243; column_shadow=\u00bbnone\u00bb column_border_radius=\u00bbnone\u00bb column_link_target=\u00bb_self\u00bb gradient_direction=\u00bbleft_to_right\u00bb overlay_strength=\u00bb0.3&#8243; width=\u00bb1\/1&#8243; tablet_width_inherit=\u00bbdefault\u00bb tablet_text_alignment=\u00bbdefault\u00bb phone_text_alignment=\u00bbdefault\u00bb column_border_width=\u00bbnone\u00bb column_border_style=\u00bbsolid\u00bb bg_image_animation=\u00bbnone\u00bb][vc_row_inner column_margin=\u00bbdefault\u00bb column_direction=\u00bbdefault\u00bb column_direction_tablet=\u00bbdefault\u00bb column_direction_phone=\u00bbdefault\u00bb text_align=\u00bbleft\u00bb][vc_column_inner column_padding=\u00bbno-extra-padding\u00bb column_padding_tablet=\u00bbinherit\u00bb column_padding_phone=\u00bbinherit\u00bb column_padding_position=\u00bball\u00bb background_color_opacity=\u00bb1&#8243; background_hover_color_opacity=\u00bb1&#8243; column_shadow=\u00bbnone\u00bb column_border_radius=\u00bbnone\u00bb column_link_target=\u00bb_self\u00bb gradient_direction=\u00bbleft_to_right\u00bb overlay_strength=\u00bb0.3&#8243; width=\u00bb1\/1&#8243; tablet_width_inherit=\u00bbdefault\u00bb column_border_width=\u00bbnone\u00bb column_border_style=\u00bbsolid\u00bb bg_image_animation=\u00bbnone\u00bb][vc_column_text el_class=\u00bbwhite-text\u00bb]\n<h2 style=\"font-size: 2.7em; line-height: 40px; text-align: center;\">\u00bfCu\u00e1nto vale mi lesi\u00f3n por latigazo cervical?<\/h2>\n[\/vc_column_text][divider line_type=\u00bbNo Line\u00bb custom_height=\u00bb20&#8243;][vc_column_text el_class=\u00bbwhite-text font1_2em-bold\u00bb]\n<p style=\"text-align: left;\">Cada lesi\u00f3n es diferente. Cualquier persona que sugiera que dos lesiones son iguales nunca ha tenido que probar un caso de lesiones en un juicio. El valor de un caso depende de muchos factores diferentes, algunos de los cuales pueden cambiar o desarrollarse durante la vida \u00fatil de un caso. Las variables incluyen, entre muchas otras, qui\u00e9n es la compa\u00f1\u00eda de seguros, si tiene o no lesiones o condiciones preexistentes, la naturaleza anat\u00f3mica de la lesi\u00f3n, la gravedad del accidente y c\u00f3mo es probable que el conductor y la persona lesionada sean percibidos por un jurado en t\u00e9rminos de su respectiva credibilidad. Las lesiones de cuello y espalda pueden ser m\u00e1s dif\u00edciles de recuperar su valor total porque las compa\u00f1\u00edas de seguros tienden a confiar demasiado en su capacidad para convencer a un jurado de que alguien con una lesi\u00f3n en el cuello o la espalda est\u00e1 exagerando o fingiendo sus lesiones. Las lesiones de cuello y espalda despu\u00e9s de un incidente de latigazo cervical pueden ser las lesiones m\u00e1s graves y debilitantes posibles. Por lo tanto, la experiencia y la voluntad de un abogado de lesiones si el caso debe ir a juicio son muy importantes para maximizar el valor de una lesi\u00f3n por latigazo cervical.<\/p>\n[\/vc_column_text][divider line_type=\u00bbNo Line\u00bb custom_height=\u00bb30&#8243;][\/vc_column_inner][\/vc_row_inner][vc_row_inner column_margin=\u00bbdefault\u00bb column_direction=\u00bbdefault\u00bb column_direction_tablet=\u00bbdefault\u00bb column_direction_phone=\u00bbdefault\u00bb text_align=\u00bbcenter\u00bb][vc_column_inner column_padding=\u00bbno-extra-padding\u00bb column_padding_tablet=\u00bbinherit\u00bb column_padding_phone=\u00bbinherit\u00bb column_padding_position=\u00bball\u00bb background_color_opacity=\u00bb1&#8243; background_hover_color_opacity=\u00bb1&#8243; column_shadow=\u00bbnone\u00bb column_border_radius=\u00bbnone\u00bb column_link_target=\u00bb_self\u00bb gradient_direction=\u00bbleft_to_right\u00bb overlay_strength=\u00bb0.3&#8243; width=\u00bb1\/2&#8243; tablet_width_inherit=\u00bbdefault\u00bb column_border_width=\u00bbnone\u00bb column_border_style=\u00bbsolid\u00bb bg_image_animation=\u00bbnone\u00bb][nectar_btn size=\u00bbjumbo\u00bb button_style=\u00bbregular\u00bb button_color_2=\u00bbAccent-Color\u00bb icon_family=\u00bbnone\u00bb el_class=\u00bbaligncenter\u00bb text=\u00bbVolviendo a Preguntas Frecuentes sobre Accidentes Automovil\u00edsticos\u00bb margin_top=\u00bb1%\u00bb margin_bottom=\u00bb1%\u00bb margin_left=\u00bb1%\u00bb margin_right=\u00bb1%\u00bb url=\u00bbhttps:\/\/thehornbucklefirm.com\/faqs\/car-accidents\/\u00bb][\/vc_column_inner][vc_column_inner column_padding=\u00bbno-extra-padding\u00bb column_padding_tablet=\u00bbinherit\u00bb column_padding_phone=\u00bbinherit\u00bb column_padding_position=\u00bball\u00bb background_color_opacity=\u00bb1&#8243; background_hover_color_opacity=\u00bb1&#8243; column_shadow=\u00bbnone\u00bb column_border_radius=\u00bbnone\u00bb column_link_target=\u00bb_self\u00bb gradient_direction=\u00bbleft_to_right\u00bb overlay_strength=\u00bb0.3&#8243; width=\u00bb1\/2&#8243; tablet_width_inherit=\u00bbdefault\u00bb column_border_width=\u00bbnone\u00bb column_border_style=\u00bbsolid\u00bb bg_image_animation=\u00bbnone\u00bb][nectar_btn size=\u00bbjumbo\u00bb button_style=\u00bbregular\u00bb button_color_2=\u00bbAccent-Color\u00bb icon_family=\u00bbnone\u00bb el_class=\u00bbaligncenter\u00bb text=\u00bbVolviendo a todas las preguntas frecuentes\u00bb margin_top=\u00bb1%\u00bb margin_bottom=\u00bb1%\u00bb margin_left=\u00bb1%\u00bb margin_right=\u00bb1%\u00bb url=\u00bbhttps:\/\/thehornbucklefirm.com\/faqs\/\u00bb][\/vc_column_inner][\/vc_row_inner][\/vc_column][\/vc_row][vc_row type=\u00bbfull_width_background\u00bb full_screen_row_position=\u00bbmiddle\u00bb column_margin=\u00bbdefault\u00bb column_direction=\u00bbdefault\u00bb column_direction_tablet=\u00bbdefault\u00bb column_direction_phone=\u00bbdefault\u00bb bg_color=\u00bb#38465c\u00bb scene_position=\u00bbcenter\u00bb top_padding=\u00bb100&#8243; bottom_padding=\u00bb65&#8243; text_color=\u00bbdark\u00bb text_align=\u00bbleft\u00bb row_border_radius=\u00bbnone\u00bb row_border_radius_applies=\u00bbbg\u00bb overlay_strength=\u00bb0.3&#8243; gradient_direction=\u00bbleft_to_right\u00bb shape_divider_position=\u00bbbottom\u00bb bg_image_animation=\u00bbnone\u00bb][vc_column column_padding=\u00bbno-extra-padding\u00bb column_padding_tablet=\u00bbinherit\u00bb column_padding_phone=\u00bbinherit\u00bb column_padding_position=\u00bball\u00bb background_color_opacity=\u00bb1&#8243; background_hover_color_opacity=\u00bb1&#8243; column_shadow=\u00bbnone\u00bb column_border_radius=\u00bbnone\u00bb column_link_target=\u00bb_self\u00bb gradient_direction=\u00bbleft_to_right\u00bb overlay_strength=\u00bb0.3&#8243; width=\u00bb1\/1&#8243; tablet_width_inherit=\u00bbdefault\u00bb tablet_text_alignment=\u00bbdefault\u00bb phone_text_alignment=\u00bbdefault\u00bb column_border_width=\u00bbnone\u00bb column_border_style=\u00bbsolid\u00bb bg_image_animation=\u00bbnone\u00bb][vc_column_text]\n<h2 class=\"white-text\" style=\"text-align: center; font-size: 2.5em;\">\u00bfTENGO UN CASO?<\/h2>\n<p style=\"text-align: center; color: #a3c048; font-size: 1.3em;\"><em>la consulta inicial es gratuita<\/em><\/p>\n[\/vc_column_text]\n                <div class='gf_browser_gecko gform_wrapper' id='gform_wrapper_1' ><form method='post' enctype='multipart\/form-data'  id='gform_1'  action='\/es\/wp-json\/wp\/v2\/pages\/4944'> \r\n <input type='hidden' class='gforms-pum' value='{\"closepopup\":false,\"closedelay\":0,\"openpopup\":false,\"openpopup_id\":0}' \/>\n                        <div class='gform_body'><ul id='gform_fields_1' class='gform_fields top_label form_sublabel_below description_below'><li id='field_1_1' class='gfield field_sublabel_below field_description_below gfield_visibility_visible' ><label class='gfield_label' for='input_1_1' >Name<\/label><div class='ginput_container ginput_container_text'><input name='input_1' id='input_1_1' type='text' value='' class='large'  tabindex='1'  placeholder='Name'  aria-invalid=\"false\" \/><\/div><\/li><li id='field_1_4' class='gfield field_sublabel_below field_description_below gfield_visibility_visible' ><label class='gfield_label' for='input_1_4' >Phone<\/label><div class='ginput_container ginput_container_phone'><input name='input_4' id='input_1_4' type='text' value='' class='large' tabindex='2'  placeholder='Number'  aria-invalid=\"false\" \/><\/div><\/li><li id='field_1_3' class='gfield field_sublabel_below field_description_below gfield_visibility_visible' ><label class='gfield_label' for='input_1_3' >Email<\/label><div class='ginput_container ginput_container_email'>\n                            <input name='input_3' id='input_1_3' type='text' value='' class='large' tabindex='3'   placeholder='Email'  aria-invalid=\"false\"\/>\n                        <\/div><\/li><li id='field_1_5' class='gfield field_sublabel_below field_description_below gfield_visibility_visible' ><label class='gfield_label' for='input_1_5' >Message<\/label><div class='ginput_container ginput_container_textarea'><textarea name='input_5' id='input_1_5' class='textarea small' tabindex='4'  placeholder='Describe your case'  aria-invalid=\"false\"   rows='10' cols='50'><\/textarea><\/div><\/li><li id='field_1_6' class='gfield gform_validation_container field_sublabel_below field_description_below gfield_visibility_' ><label class='gfield_label' for='input_1_6' >Name<\/label><div class='ginput_container'><input name='input_6' id='input_1_6' type='text' value='' \/><\/div><div class='gfield_description'>Este campo es un campo de validaci\u00f3n y debe quedar sin cambios.<\/div><\/li>\n                            <\/ul><\/div>\n        <div class='gform_footer top_label'> <input type='submit' id='gform_submit_button_1' class='gform_button button' value='Submit' tabindex='5' onclick='if(window[\"gf_submitting_1\"]){return false;}  window[\"gf_submitting_1\"]=true;  ' onkeypress='if( event.keyCode == 13 ){ if(window[\"gf_submitting_1\"]){return false;} window[\"gf_submitting_1\"]=true;  jQuery(\"#gform_1\").trigger(\"submit\",[true]); }' \/> \n            <input type='hidden' class='gform_hidden' name='is_submit_1' value='1' \/>\n            <input type='hidden' class='gform_hidden' name='gform_submit' value='1' \/>\n            \n            <input type='hidden' class='gform_hidden' name='gform_unique_id' value='' \/>\n            <input type='hidden' class='gform_hidden' name='state_1' value='WyJbXSIsIjViMGVhM2FlNjUxYWM1ZDBkZmQ1NDJhYmE3MDAxYzliIl0=' \/>\n            <input type='hidden' class='gform_hidden' name='gform_target_page_number_1' id='gform_target_page_number_1' value='0' \/>\n            <input type='hidden' class='gform_hidden' name='gform_source_page_number_1' id='gform_source_page_number_1' value='1' \/>\n            <input type='hidden' name='gform_field_values' value='' \/>\n            \n        <\/div>\n                        <p style=\"display: none !important;\"><label>&#916;<textarea name=\"ak_hp_textarea\" cols=\"45\" rows=\"8\" maxlength=\"100\"><\/textarea><\/label><input type=\"hidden\" id=\"ak_js_1\" name=\"ak_js\" value=\"50\"\/><script>document.getElementById( \"ak_js_1\" ).setAttribute( \"value\", ( new Date() ).getTime() );<\/script><\/p><\/form>\n                        <\/div><script type='text\/javascript'> jQuery(document).bind('gform_post_render', function(event, formId, currentPage){if(formId == 1) {if(typeof Placeholders != 'undefined'){\n                        Placeholders.enable();\n                    }if(!\/(android)\/i.test(navigator.userAgent)){jQuery('#input_1_4').mask('(999) 999-9999').bind('keypress', function(e){if(e.which == 13){jQuery(this).blur();} } );}} } );jQuery(document).bind('gform_post_conditional_logic', function(event, formId, fields, isInit){} );<\/script><script type='text\/javascript'> jQuery(document).ready(function(){jQuery(document).trigger('gform_post_render', [1, 1]) } ); <\/script>[vc_column_text el_class=\u00bbwhite-text\u00bb]\n<p style=\"text-align: center; font-size: 17px;\">Por favor llame al <a href=\"tel:+14256790742\">(425) 679-0742<\/a> o p\u00f3ngase en contacto con la firma Hornbuckle por correo electronico hoy para su consulta gratuita sobre abuso y negligencia en hogares de ancianos. El bufete ha litigado casos en Washington, Tennessee, y Texas. Aceptamos casos de todos los estados del pa\u00eds.<\/p>\n[\/vc_column_text][\/vc_column][\/vc_row]\n","protected":false},"excerpt":{"rendered":"<p>[vc_row type=\u00bbfull_width_content\u00bb full_screen_row_position=\u00bbmiddle\u00bb column_margin=\u00bbdefault\u00bb column_direction=\u00bbdefault\u00bb column_direction_tablet=\u00bbdefault\u00bb column_direction_phone=\u00bbdefault\u00bb scene_position=\u00bbcenter\u00bb text_color=\u00bbdark\u00bb text_align=\u00bbleft\u00bb row_border_radius=\u00bbnone\u00bb row_border_radius_applies=\u00bbbg\u00bb id=\u00bbheader-bottom-bar\u00bb overlay_strength=\u00bb0.3&#8243; gradient_direction=\u00bbleft_to_right\u00bb shape_divider_position=\u00bbbottom\u00bb bg_image_animation=\u00bbnone\u00bb][vc_column column_padding=\u00bbno-extra-padding\u00bb column_padding_tablet=\u00bbinherit\u00bb column_padding_phone=\u00bbinherit\u00bb column_padding_position=\u00bball\u00bb background_color_opacity=\u00bb1&#8243; background_hover_color_opacity=\u00bb1&#8243; column_shadow=\u00bbnone\u00bb column_border_radius=\u00bbnone\u00bb column_link_target=\u00bb_self\u00bb el_class=\u00bbgreen-box\u00bb gradient_direction=\u00bbleft_to_right\u00bb overlay_strength=\u00bb0.3&#8243; width=\u00bb1\/1&#8243;&#8230;<\/p>\n","protected":false},"author":1,"featured_media":0,"parent":4967,"menu_order":0,"comment_status":"closed","ping_status":"closed","template":"","meta":{"footnotes":""},"class_list":["post-4944","page","type-page","status-publish"],"yoast_head":"<!-- This site is optimized with the Yoast SEO plugin v21.5 - https:\/\/yoast.com\/wordpress\/plugins\/seo\/ -->\n<title>\u00bfCu\u00e1nto vale mi lesi\u00f3n por latigazo cervical? - The Hornbuckle Law Firm<\/title>\n<meta name=\"robots\" content=\"index, follow, max-snippet:-1, max-image-preview:large, max-video-preview:-1\" \/>\n<link rel=\"canonical\" href=\"https:\/\/thehornbucklefirm.com\/es\/preguntas-frecuentes\/accidentes-de-trafico\/cuanto-vale-mi-lesion-por-latigazo-cervical\/\" \/>\n<meta property=\"og:locale\" content=\"es_ES\" \/>\n<meta property=\"og:type\" content=\"article\" \/>\n<meta property=\"og:title\" content=\"\u00bfCu\u00e1nto vale mi lesi\u00f3n por latigazo cervical? - The Hornbuckle Law Firm\" \/>\n<meta property=\"og:description\" content=\"[vc_row type=\u00bbfull_width_content\u00bb full_screen_row_position=\u00bbmiddle\u00bb column_margin=\u00bbdefault\u00bb column_direction=\u00bbdefault\u00bb column_direction_tablet=\u00bbdefault\u00bb column_direction_phone=\u00bbdefault\u00bb scene_position=\u00bbcenter\u00bb text_color=\u00bbdark\u00bb text_align=\u00bbleft\u00bb row_border_radius=\u00bbnone\u00bb row_border_radius_applies=\u00bbbg\u00bb id=\u00bbheader-bottom-bar\u00bb overlay_strength=\u00bb0.3&#8243; gradient_direction=\u00bbleft_to_right\u00bb shape_divider_position=\u00bbbottom\u00bb bg_image_animation=\u00bbnone\u00bb][vc_column column_padding=\u00bbno-extra-padding\u00bb column_padding_tablet=\u00bbinherit\u00bb column_padding_phone=\u00bbinherit\u00bb column_padding_position=\u00bball\u00bb background_color_opacity=\u00bb1&#8243; background_hover_color_opacity=\u00bb1&#8243; column_shadow=\u00bbnone\u00bb column_border_radius=\u00bbnone\u00bb column_link_target=\u00bb_self\u00bb el_class=\u00bbgreen-box\u00bb gradient_direction=\u00bbleft_to_right\u00bb overlay_strength=\u00bb0.3&#8243; width=\u00bb1\/1&#8243;...\" \/>\n<meta property=\"og:url\" content=\"https:\/\/thehornbucklefirm.com\/es\/preguntas-frecuentes\/accidentes-de-trafico\/cuanto-vale-mi-lesion-por-latigazo-cervical\/\" \/>\n<meta property=\"og:site_name\" content=\"The Hornbuckle Law Firm\" \/>\n<meta property=\"article:publisher\" content=\"https:\/\/www.facebook.com\/thehornbucklefirm\" \/>\n<meta property=\"article:modified_time\" content=\"2024-07-11T21:57:16+00:00\" \/>\n<meta name=\"twitter:card\" content=\"summary_large_image\" \/>\n<meta name=\"twitter:site\" content=\"@Hornbuc60160304\" \/>\n<meta name=\"twitter:label1\" content=\"Est. reading time\" \/>\n\t<meta name=\"twitter:data1\" content=\"5 minutos\" \/>\n<script type=\"application\/ld+json\" class=\"yoast-schema-graph\">{\"@context\":\"https:\/\/schema.org\",\"@graph\":[{\"@type\":\"WebPage\",\"@id\":\"https:\/\/thehornbucklefirm.com\/es\/preguntas-frecuentes\/accidentes-de-trafico\/cuanto-vale-mi-lesion-por-latigazo-cervical\/\",\"url\":\"https:\/\/thehornbucklefirm.com\/es\/preguntas-frecuentes\/accidentes-de-trafico\/cuanto-vale-mi-lesion-por-latigazo-cervical\/\",\"name\":\"\u00bfCu\u00e1nto vale mi lesi\u00f3n por latigazo cervical? - The Hornbuckle Law Firm\",\"isPartOf\":{\"@id\":\"https:\/\/thehornbucklefirm.com\/es\/#website\"},\"datePublished\":\"2021-04-02T14:16:33+00:00\",\"dateModified\":\"2024-07-11T21:57:16+00:00\",\"breadcrumb\":{\"@id\":\"https:\/\/thehornbucklefirm.com\/es\/preguntas-frecuentes\/accidentes-de-trafico\/cuanto-vale-mi-lesion-por-latigazo-cervical\/#breadcrumb\"},\"inLanguage\":\"es\",\"potentialAction\":[{\"@type\":\"ReadAction\",\"target\":[\"https:\/\/thehornbucklefirm.com\/es\/preguntas-frecuentes\/accidentes-de-trafico\/cuanto-vale-mi-lesion-por-latigazo-cervical\/\"]}]},{\"@type\":\"BreadcrumbList\",\"@id\":\"https:\/\/thehornbucklefirm.com\/es\/preguntas-frecuentes\/accidentes-de-trafico\/cuanto-vale-mi-lesion-por-latigazo-cervical\/#breadcrumb\",\"itemListElement\":[{\"@type\":\"ListItem\",\"position\":1,\"name\":\"Home\",\"item\":\"https:\/\/thehornbucklefirm.com\/es\/comenzar\/\"},{\"@type\":\"ListItem\",\"position\":2,\"name\":\"Preguntas frecuentes\",\"item\":\"https:\/\/thehornbucklefirm.com\/es\/preguntas-frecuentes\/\"},{\"@type\":\"ListItem\",\"position\":3,\"name\":\"Accidentes de tr\u00e1fico\",\"item\":\"https:\/\/thehornbucklefirm.com\/es\/preguntas-frecuentes\/accidentes-de-trafico\/\"},{\"@type\":\"ListItem\",\"position\":4,\"name\":\"\u00bfCu\u00e1nto vale mi lesi\u00f3n por latigazo cervical?\"}]},{\"@type\":\"WebSite\",\"@id\":\"https:\/\/thehornbucklefirm.com\/es\/#website\",\"url\":\"https:\/\/thehornbucklefirm.com\/es\/\",\"name\":\"The Hornbuckle Law Firm\",\"description\":\"Serious Injury Attorneys\",\"potentialAction\":[{\"@type\":\"SearchAction\",\"target\":{\"@type\":\"EntryPoint\",\"urlTemplate\":\"https:\/\/thehornbucklefirm.com\/es\/?s={search_term_string}\"},\"query-input\":\"required name=search_term_string\"}],\"inLanguage\":\"es\"}]}<\/script>\n<!-- \/ Yoast SEO plugin. -->","yoast_head_json":{"title":"\u00bfCu\u00e1nto vale mi lesi\u00f3n por latigazo cervical? - The Hornbuckle Law Firm","robots":{"index":"index","follow":"follow","max-snippet":"max-snippet:-1","max-image-preview":"max-image-preview:large","max-video-preview":"max-video-preview:-1"},"canonical":"https:\/\/thehornbucklefirm.com\/es\/preguntas-frecuentes\/accidentes-de-trafico\/cuanto-vale-mi-lesion-por-latigazo-cervical\/","og_locale":"es_ES","og_type":"article","og_title":"\u00bfCu\u00e1nto vale mi lesi\u00f3n por latigazo cervical? - The Hornbuckle Law Firm","og_description":"[vc_row type=\u00bbfull_width_content\u00bb full_screen_row_position=\u00bbmiddle\u00bb column_margin=\u00bbdefault\u00bb column_direction=\u00bbdefault\u00bb column_direction_tablet=\u00bbdefault\u00bb column_direction_phone=\u00bbdefault\u00bb scene_position=\u00bbcenter\u00bb text_color=\u00bbdark\u00bb text_align=\u00bbleft\u00bb row_border_radius=\u00bbnone\u00bb row_border_radius_applies=\u00bbbg\u00bb id=\u00bbheader-bottom-bar\u00bb overlay_strength=\u00bb0.3&#8243; gradient_direction=\u00bbleft_to_right\u00bb shape_divider_position=\u00bbbottom\u00bb bg_image_animation=\u00bbnone\u00bb][vc_column column_padding=\u00bbno-extra-padding\u00bb column_padding_tablet=\u00bbinherit\u00bb column_padding_phone=\u00bbinherit\u00bb column_padding_position=\u00bball\u00bb background_color_opacity=\u00bb1&#8243; background_hover_color_opacity=\u00bb1&#8243; column_shadow=\u00bbnone\u00bb column_border_radius=\u00bbnone\u00bb column_link_target=\u00bb_self\u00bb el_class=\u00bbgreen-box\u00bb gradient_direction=\u00bbleft_to_right\u00bb overlay_strength=\u00bb0.3&#8243; width=\u00bb1\/1&#8243;...","og_url":"https:\/\/thehornbucklefirm.com\/es\/preguntas-frecuentes\/accidentes-de-trafico\/cuanto-vale-mi-lesion-por-latigazo-cervical\/","og_site_name":"The Hornbuckle Law Firm","article_publisher":"https:\/\/www.facebook.com\/thehornbucklefirm","article_modified_time":"2024-07-11T21:57:16+00:00","twitter_card":"summary_large_image","twitter_site":"@Hornbuc60160304","twitter_misc":{"Est. reading time":"5 minutos"},"schema":{"@context":"https:\/\/schema.org","@graph":[{"@type":"WebPage","@id":"https:\/\/thehornbucklefirm.com\/es\/preguntas-frecuentes\/accidentes-de-trafico\/cuanto-vale-mi-lesion-por-latigazo-cervical\/","url":"https:\/\/thehornbucklefirm.com\/es\/preguntas-frecuentes\/accidentes-de-trafico\/cuanto-vale-mi-lesion-por-latigazo-cervical\/","name":"\u00bfCu\u00e1nto vale mi lesi\u00f3n por latigazo cervical? - The Hornbuckle Law Firm","isPartOf":{"@id":"https:\/\/thehornbucklefirm.com\/es\/#website"},"datePublished":"2021-04-02T14:16:33+00:00","dateModified":"2024-07-11T21:57:16+00:00","breadcrumb":{"@id":"https:\/\/thehornbucklefirm.com\/es\/preguntas-frecuentes\/accidentes-de-trafico\/cuanto-vale-mi-lesion-por-latigazo-cervical\/#breadcrumb"},"inLanguage":"es","potentialAction":[{"@type":"ReadAction","target":["https:\/\/thehornbucklefirm.com\/es\/preguntas-frecuentes\/accidentes-de-trafico\/cuanto-vale-mi-lesion-por-latigazo-cervical\/"]}]},{"@type":"BreadcrumbList","@id":"https:\/\/thehornbucklefirm.com\/es\/preguntas-frecuentes\/accidentes-de-trafico\/cuanto-vale-mi-lesion-por-latigazo-cervical\/#breadcrumb","itemListElement":[{"@type":"ListItem","position":1,"name":"Home","item":"https:\/\/thehornbucklefirm.com\/es\/comenzar\/"},{"@type":"ListItem","position":2,"name":"Preguntas frecuentes","item":"https:\/\/thehornbucklefirm.com\/es\/preguntas-frecuentes\/"},{"@type":"ListItem","position":3,"name":"Accidentes de tr\u00e1fico","item":"https:\/\/thehornbucklefirm.com\/es\/preguntas-frecuentes\/accidentes-de-trafico\/"},{"@type":"ListItem","position":4,"name":"\u00bfCu\u00e1nto vale mi lesi\u00f3n por latigazo cervical?"}]},{"@type":"WebSite","@id":"https:\/\/thehornbucklefirm.com\/es\/#website","url":"https:\/\/thehornbucklefirm.com\/es\/","name":"The Hornbuckle Law Firm","description":"Serious Injury Attorneys","potentialAction":[{"@type":"SearchAction","target":{"@type":"EntryPoint","urlTemplate":"https:\/\/thehornbucklefirm.com\/es\/?s={search_term_string}"},"query-input":"required name=search_term_string"}],"inLanguage":"es"}]}},"_links":{"self":[{"href":"https:\/\/thehornbucklefirm.com\/es\/wp-json\/wp\/v2\/pages\/4944","targetHints":{"allow":["GET"]}}],"collection":[{"href":"https:\/\/thehornbucklefirm.com\/es\/wp-json\/wp\/v2\/pages"}],"about":[{"href":"https:\/\/thehornbucklefirm.com\/es\/wp-json\/wp\/v2\/types\/page"}],"author":[{"embeddable":true,"href":"https:\/\/thehornbucklefirm.com\/es\/wp-json\/wp\/v2\/users\/1"}],"replies":[{"embeddable":true,"href":"https:\/\/thehornbucklefirm.com\/es\/wp-json\/wp\/v2\/comments?post=4944"}],"version-history":[{"count":0,"href":"https:\/\/thehornbucklefirm.com\/es\/wp-json\/wp\/v2\/pages\/4944\/revisions"}],"up":[{"embeddable":true,"href":"https:\/\/thehornbucklefirm.com\/es\/wp-json\/wp\/v2\/pages\/4967"}],"wp:attachment":[{"href":"https:\/\/thehornbucklefirm.com\/es\/wp-json\/wp\/v2\/media?parent=4944"}],"curies":[{"name":"wp","href":"https:\/\/api.w.org\/{rel}","templated":true}]}}