{"id":4965,"date":"2015-11-23T23:30:02","date_gmt":"2015-11-23T23:30:02","guid":{"rendered":"https:\/\/thehornbucklefirm.com\/descargo-de-responsabilidad\/"},"modified":"2015-11-23T23:30:02","modified_gmt":"2015-11-23T23:30:02","slug":"descargo-de-responsabilidad","status":"publish","type":"page","link":"https:\/\/thehornbucklefirm.com\/es\/descargo-de-responsabilidad\/","title":{"rendered":"Descargo de responsabilidad"},"content":{"rendered":"<p>Los abogados de lesiones personales del bufete Hornbuckle de Bellevue, Washington, prestan servicio a las v\u00edctimas de Tacoma, Seattle, las comunidades vecinas de la zona de SeaTac y todos los condados del estado de Washington. La informaci\u00f3n de este sitio web no pretende ser asesoramiento jur\u00eddico, sino informaci\u00f3n general relacionada con cuestiones jur\u00eddicas que suelen plantearse en caso de lesiones personales. Si t\u00fa o un ser querido ha sufrido una lesi\u00f3n personal injusta, ponte en contacto con un abogado cualificado en lesiones personales del bufete Hornbuckle.<\/p>\n","protected":false},"excerpt":{"rendered":"<p>Los abogados de lesiones personales del bufete Hornbuckle de Bellevue, Washington, prestan servicio a las v\u00edctimas de Tacoma, Seattle, las comunidades vecinas de la zona de SeaTac y todos los&#8230;<\/p>\n","protected":false},"author":1,"featured_media":0,"parent":0,"menu_order":0,"comment_status":"closed","ping_status":"closed","template":"","meta":{"footnotes":""},"class_list":["post-4965","page","type-page","status-publish"],"yoast_head":"<!-- This site is optimized with the Yoast SEO plugin v21.5 - https:\/\/yoast.com\/wordpress\/plugins\/seo\/ -->\n<title>Descargo de responsabilidad - The Hornbuckle Law Firm<\/title>\n<meta name=\"robots\" content=\"index, follow, max-snippet:-1, max-image-preview:large, max-video-preview:-1\" \/>\n<link rel=\"canonical\" href=\"https:\/\/thehornbucklefirm.com\/es\/descargo-de-responsabilidad\/\" \/>\n<meta property=\"og:locale\" content=\"es_ES\" \/>\n<meta property=\"og:type\" content=\"article\" \/>\n<meta property=\"og:title\" content=\"Descargo de responsabilidad - The Hornbuckle Law Firm\" \/>\n<meta property=\"og:description\" content=\"Los abogados de lesiones personales del bufete Hornbuckle de Bellevue, Washington, prestan servicio a las v\u00edctimas de Tacoma, Seattle, las comunidades vecinas de la zona de SeaTac y todos los...\" \/>\n<meta property=\"og:url\" content=\"https:\/\/thehornbucklefirm.com\/es\/descargo-de-responsabilidad\/\" \/>\n<meta property=\"og:site_name\" content=\"The Hornbuckle Law Firm\" \/>\n<meta property=\"article:publisher\" content=\"https:\/\/www.facebook.com\/thehornbucklefirm\" \/>\n<meta name=\"twitter:card\" content=\"summary_large_image\" \/>\n<meta name=\"twitter:site\" content=\"@Hornbuc60160304\" \/>\n<script type=\"application\/ld+json\" class=\"yoast-schema-graph\">{\"@context\":\"https:\/\/schema.org\",\"@graph\":[{\"@type\":\"WebPage\",\"@id\":\"https:\/\/thehornbucklefirm.com\/es\/descargo-de-responsabilidad\/\",\"url\":\"https:\/\/thehornbucklefirm.com\/es\/descargo-de-responsabilidad\/\",\"name\":\"Descargo de responsabilidad - The Hornbuckle Law Firm\",\"isPartOf\":{\"@id\":\"https:\/\/thehornbucklefirm.com\/es\/#website\"},\"datePublished\":\"2015-11-23T23:30:02+00:00\",\"dateModified\":\"2015-11-23T23:30:02+00:00\",\"breadcrumb\":{\"@id\":\"https:\/\/thehornbucklefirm.com\/es\/descargo-de-responsabilidad\/#breadcrumb\"},\"inLanguage\":\"es\",\"potentialAction\":[{\"@type\":\"ReadAction\",\"target\":[\"https:\/\/thehornbucklefirm.com\/es\/descargo-de-responsabilidad\/\"]}]},{\"@type\":\"BreadcrumbList\",\"@id\":\"https:\/\/thehornbucklefirm.com\/es\/descargo-de-responsabilidad\/#breadcrumb\",\"itemListElement\":[{\"@type\":\"ListItem\",\"position\":1,\"name\":\"Home\",\"item\":\"https:\/\/thehornbucklefirm.com\/es\/comenzar\/\"},{\"@type\":\"ListItem\",\"position\":2,\"name\":\"Descargo de responsabilidad\"}]},{\"@type\":\"WebSite\",\"@id\":\"https:\/\/thehornbucklefirm.com\/es\/#website\",\"url\":\"https:\/\/thehornbucklefirm.com\/es\/\",\"name\":\"The Hornbuckle Law Firm\",\"description\":\"Serious Injury Attorneys\",\"potentialAction\":[{\"@type\":\"SearchAction\",\"target\":{\"@type\":\"EntryPoint\",\"urlTemplate\":\"https:\/\/thehornbucklefirm.com\/es\/?s={search_term_string}\"},\"query-input\":\"required name=search_term_string\"}],\"inLanguage\":\"es\"}]}<\/script>\n<!-- \/ Yoast SEO plugin. -->","yoast_head_json":{"title":"Descargo de responsabilidad - The Hornbuckle Law Firm","robots":{"index":"index","follow":"follow","max-snippet":"max-snippet:-1","max-image-preview":"max-image-preview:large","max-video-preview":"max-video-preview:-1"},"canonical":"https:\/\/thehornbucklefirm.com\/es\/descargo-de-responsabilidad\/","og_locale":"es_ES","og_type":"article","og_title":"Descargo de responsabilidad - The Hornbuckle Law Firm","og_description":"Los abogados de lesiones personales del bufete Hornbuckle de Bellevue, Washington, prestan servicio a las v\u00edctimas de Tacoma, Seattle, las comunidades vecinas de la zona de SeaTac y todos los...","og_url":"https:\/\/thehornbucklefirm.com\/es\/descargo-de-responsabilidad\/","og_site_name":"The Hornbuckle Law Firm","article_publisher":"https:\/\/www.facebook.com\/thehornbucklefirm","twitter_card":"summary_large_image","twitter_site":"@Hornbuc60160304","schema":{"@context":"https:\/\/schema.org","@graph":[{"@type":"WebPage","@id":"https:\/\/thehornbucklefirm.com\/es\/descargo-de-responsabilidad\/","url":"https:\/\/thehornbucklefirm.com\/es\/descargo-de-responsabilidad\/","name":"Descargo de responsabilidad - The Hornbuckle Law Firm","isPartOf":{"@id":"https:\/\/thehornbucklefirm.com\/es\/#website"},"datePublished":"2015-11-23T23:30:02+00:00","dateModified":"2015-11-23T23:30:02+00:00","breadcrumb":{"@id":"https:\/\/thehornbucklefirm.com\/es\/descargo-de-responsabilidad\/#breadcrumb"},"inLanguage":"es","potentialAction":[{"@type":"ReadAction","target":["https:\/\/thehornbucklefirm.com\/es\/descargo-de-responsabilidad\/"]}]},{"@type":"BreadcrumbList","@id":"https:\/\/thehornbucklefirm.com\/es\/descargo-de-responsabilidad\/#breadcrumb","itemListElement":[{"@type":"ListItem","position":1,"name":"Home","item":"https:\/\/thehornbucklefirm.com\/es\/comenzar\/"},{"@type":"ListItem","position":2,"name":"Descargo de responsabilidad"}]},{"@type":"WebSite","@id":"https:\/\/thehornbucklefirm.com\/es\/#website","url":"https:\/\/thehornbucklefirm.com\/es\/","name":"The Hornbuckle Law Firm","description":"Serious Injury Attorneys","potentialAction":[{"@type":"SearchAction","target":{"@type":"EntryPoint","urlTemplate":"https:\/\/thehornbucklefirm.com\/es\/?s={search_term_string}"},"query-input":"required name=search_term_string"}],"inLanguage":"es"}]}},"_links":{"self":[{"href":"https:\/\/thehornbucklefirm.com\/es\/wp-json\/wp\/v2\/pages\/4965","targetHints":{"allow":["GET"]}}],"collection":[{"href":"https:\/\/thehornbucklefirm.com\/es\/wp-json\/wp\/v2\/pages"}],"about":[{"href":"https:\/\/thehornbucklefirm.com\/es\/wp-json\/wp\/v2\/types\/page"}],"author":[{"embeddable":true,"href":"https:\/\/thehornbucklefirm.com\/es\/wp-json\/wp\/v2\/users\/1"}],"replies":[{"embeddable":true,"href":"https:\/\/thehornbucklefirm.com\/es\/wp-json\/wp\/v2\/comments?post=4965"}],"version-history":[{"count":0,"href":"https:\/\/thehornbucklefirm.com\/es\/wp-json\/wp\/v2\/pages\/4965\/revisions"}],"wp:attachment":[{"href":"https:\/\/thehornbucklefirm.com\/es\/wp-json\/wp\/v2\/media?parent=4965"}],"curies":[{"name":"wp","href":"https:\/\/api.w.org\/{rel}","templated":true}]}}